{"id":2,"date":"2017-11-07T15:36:32","date_gmt":"2017-11-07T14:36:32","guid":{"rendered":"http:\/\/conpro.saske.sk\/acanthocephala\/?page_id=2"},"modified":"2018-09-03T20:36:33","modified_gmt":"2018-09-03T18:36:33","slug":"deadlines","status":"publish","type":"page","link":"https:\/\/conpro.saske.sk\/acanthocephala\/deadlines\/","title":{"rendered":"Deadlines"},"content":{"rendered":"<div id=\"pl-2\"  class=\"panel-layout\" >\n<div id=\"pg-2-0\"  class=\"panel-grid panel-no-style\" >\n<div id=\"pgc-2-0-0\"  class=\"panel-grid-cell\"  data-weight=\"1\" >\n<div id=\"panel-2-0-0-0\" class=\"so-panel widget widget_sow-editor panel-first-child panel-last-child\" data-index=\"0\" data-style=\"{&quot;background_image_attachment&quot;:false,&quot;background_display&quot;:&quot;tile&quot;}\" >\n<div class=\"so-widget-sow-editor so-widget-sow-editor-base\">\n<div class=\"siteorigin-widget-tinymce textwidget\">\n<p style=\"text-align: justify;\"><strong>Information on payment of registration fees and abstract submission.<\/strong><\/p>\n<ul>\n<li style=\"text-align: justify;\">Registration and workshop information: begins November 1, 2017<\/li>\n<li style=\"text-align: justify;\">Registration closes: February 28, 2018<\/li>\n<li style=\"text-align: justify;\"><strong>Registration costs should be paid by bank transfer<\/strong> until May 31, 2018 or by cash onside<\/li>\n<li style=\"text-align: justify;\">Abstract submission closes: May 31, 2018 (published online in the journal <em>Helminthologia<\/em>)<\/li>\n<\/ul>\n<p><strong>REGISTRATION COSTS (in euros)<\/strong><\/p>\n<table width=\"50%\">\n<tbody>\n<tr>\n<td width=\"10%\"><strong>Category<\/strong><\/td>\n<td width=\"40%\"><strong>Registration Costs<\/strong><\/td>\n<\/tr>\n<tr>\n<td><strong>Regular<\/strong><\/td>\n<td><strong>300 \u20ac<\/strong><\/td>\n<\/tr>\n<tr>\n<td><strong>Student<\/strong><\/td>\n<td><strong>150 \u20ac<\/strong><\/td>\n<\/tr>\n<tr>\n<td><strong>Accompanying Person<\/strong><\/td>\n<td><strong>150 \u20ac<\/strong><\/td>\n<\/tr>\n<\/tbody>\n<\/table>\n<p style=\"text-align: justify;\"><strong>BANK TRANSFER DATA:<\/strong><strong>\u00a0<\/strong><\/p>\n<p style=\"text-align: justify;\">IBAN SK59 0900 0000 0050 5215 3052<br \/>\nSWIFT = BIC: GIBASKBX<br \/>\nBank address:<br \/>\nSlovensk\u00e1 sporite\u013e\u0148a, a. s.<br \/>\nTom\u00e1\u0161ikova 48<br \/>\n832 37<br \/>\nBratislava, Slovensk\u00e1 republika<\/p>\n<p style=\"text-align: justify;\">The name of the account is: <strong>SLOVENSKA PARAZITOLOGICKA SPOLOCNOST<\/strong><\/p>\n<p style=\"text-align: justify;\"><strong>IMPORTANT<\/strong>: Write to the recipient&#8217;s message: <strong>ACANTHO<\/strong> and your <strong>LAST NAME\u00a0<\/strong><\/p>\n<p><strong>REGISTRATION INCLUDES<\/strong><\/p>\n<ul>\n<li>Conference materials<\/li>\n<li>Attendance at all conference sessions<\/li>\n<li>Coffee and tea breaks<\/li>\n<\/ul>\n<p style=\"text-align: justify;\"><strong>ABSTRACTS<\/strong><\/p>\n<p style=\"text-align: justify;\">The instruction for abstracts is attached below. The abstract should include the title, authors, institutional addresses and e-mail contacts. Please, submit the abstract through symposium website <a href=\"http:\/\/pau.saske.sk\/acanthocephala\/abstract-form\/\" target=\"_blank\" rel=\"noopener\">http:\/\/pau.saske.sk\/acanthocephala\/abstract-form\/<\/a>\u00a0by May 31, 2018. All abstracts will be reviewed prior the acceptance.<\/p>\n<p style=\"text-align: justify;\"><strong>WORKSHOP PROCEEDINGS<\/strong><\/p>\n<p style=\"text-align: justify;\">The proceedings of the workshop will be available in a print format which will be donated to all participants upon arrival. Besides, the abstracts will be accessible online in the issue of the international journal <em>Helminthologia<\/em> following the journal editorial policies.<strong>\u00a0<\/strong><\/p>\n<p style=\"text-align: justify;\"><strong>ORAL CONTRIBUTIONS<\/strong><\/p>\n<p style=\"text-align: justify;\">Speakers should provide their presentation file on a USB memory &#8211; flash drive. Presentations should be compatible with MS PowerPoint. Projector and laptop\/computer will be available at the site to all speakers.<\/p>\n<p style=\"text-align: justify;\"><strong>POSTERS<\/strong><\/p>\n<p style=\"text-align: justify;\">Each poster will be introduced by the two minute talk at the beginning of the Poster Session.<\/p>\n<p style=\"text-align: justify;\"><strong>For conference correspondence<\/strong>, please use e-mail: <a href=\"mailto:acanthocephala@saske.sk\"><strong>acanthocephala@saske.sk<\/strong><\/a><\/p>\n<\/div>\n<\/div>\n<\/div>\n<\/div>\n<\/div>\n<\/div>\n","protected":false},"excerpt":{"rendered":"<p>Information on payment of registration fees and abstract submission. Registration and workshop information: begins November 1, 2017 Registration closes: February 28, 2018 Registration costs should be paid by bank transfer until May 31, 2018 or by cash onside Abstract submission<\/p>\n","protected":false},"author":1,"featured_media":0,"parent":0,"menu_order":0,"comment_status":"closed","ping_status":"open","template":"","meta":{"footnotes":""},"class_list":["post-2","page","type-page","status-publish","hentry"],"_links":{"self":[{"href":"https:\/\/conpro.saske.sk\/acanthocephala\/wp-json\/wp\/v2\/pages\/2","targetHints":{"allow":["GET"]}}],"collection":[{"href":"https:\/\/conpro.saske.sk\/acanthocephala\/wp-json\/wp\/v2\/pages"}],"about":[{"href":"https:\/\/conpro.saske.sk\/acanthocephala\/wp-json\/wp\/v2\/types\/page"}],"author":[{"embeddable":true,"href":"https:\/\/conpro.saske.sk\/acanthocephala\/wp-json\/wp\/v2\/users\/1"}],"replies":[{"embeddable":true,"href":"https:\/\/conpro.saske.sk\/acanthocephala\/wp-json\/wp\/v2\/comments?post=2"}],"version-history":[{"count":13,"href":"https:\/\/conpro.saske.sk\/acanthocephala\/wp-json\/wp\/v2\/pages\/2\/revisions"}],"predecessor-version":[{"id":159,"href":"https:\/\/conpro.saske.sk\/acanthocephala\/wp-json\/wp\/v2\/pages\/2\/revisions\/159"}],"wp:attachment":[{"href":"https:\/\/conpro.saske.sk\/acanthocephala\/wp-json\/wp\/v2\/media?parent=2"}],"curies":[{"name":"wp","href":"https:\/\/api.w.org\/{rel}","templated":true}]}}