{"id":59,"date":"2017-11-07T22:55:50","date_gmt":"2017-11-07T21:55:50","guid":{"rendered":"http:\/\/conpro.saske.sk\/acanthocephala\/?page_id=59"},"modified":"2017-11-07T22:57:14","modified_gmt":"2017-11-07T21:57:14","slug":"contact","status":"publish","type":"page","link":"https:\/\/conpro.saske.sk\/acanthocephala\/contact\/","title":{"rendered":""},"content":{"rendered":"<div id=\"pl-59\"  class=\"panel-layout\" >\n<div id=\"pg-59-0\"  class=\"panel-grid panel-no-style\" >\n<div id=\"pgc-59-0-0\"  class=\"panel-grid-cell\"  data-weight=\"1\" >\n<div id=\"panel-59-0-0-0\" class=\"so-panel widget widget_sow-editor panel-first-child panel-last-child\" data-index=\"0\" data-style=\"{&quot;background_display&quot;:&quot;tile&quot;}\" >\n<div class=\"so-widget-sow-editor so-widget-sow-editor-base\">\n<div class=\"siteorigin-widget-tinymce textwidget\">\n<p style=\"text-align: justify;\">Institute of Parasitology SAS and the Slovak Society for Parasitology at SAS<br \/>\nHlinkova 3<br \/>\n040 01 Ko\u0161ice<br \/>\nSlovakia<br \/>\n+421 55 63 34455<br \/>\n<a href=\"http:\/\/pau.saske.sk\/\">http:\/\/pau.saske.sk\/<\/a><\/p>\n<p style=\"text-align: justify;\"><strong>CORRESPONDENCE:<\/strong> <a href=\"mailto:acanthocephala@saske.sk\"><strong>acanthocephala@saske.sk<\/strong><\/a><\/p>\n<p style=\"text-align: justify;\"><strong>Organizing Committee:<\/strong><br \/>\nMarta \u0160pakulov\u00e1 \u2013 coordinator, urgent questions: e-mail: <a href=\"mailto:spakulma@saske.sk\">spakulma@saske.sk<\/a><br \/>\nMikul\u00e1\u0161 Oros<br \/>\nIngrid Papajov\u00e1<br \/>\nMartina Orosov\u00e1<br \/>\nVladim\u00edra Hanzelov\u00e1<\/p>\n<\/div>\n<\/div>\n<\/div>\n<\/div>\n<\/div>\n<\/div>\n","protected":false},"excerpt":{"rendered":"<p>Institute of Parasitology SAS and the Slovak Society for Parasitology at SAS Hlinkova 3 040 01 Ko\u0161ice Slovakia +421 55 63 34455 http:\/\/pau.saske.sk\/ CORRESPONDENCE: acanthocephala@saske.sk Organizing Committee: Marta \u0160pakulov\u00e1 \u2013 coordinator, urgent questions: e-mail: spakulma@saske.sk Mikul\u00e1\u0161 Oros Ingrid Papajov\u00e1 Martina<\/p>\n","protected":false},"author":1,"featured_media":0,"parent":0,"menu_order":0,"comment_status":"closed","ping_status":"open","template":"","meta":{"footnotes":""},"class_list":["post-59","page","type-page","status-publish","hentry"],"_links":{"self":[{"href":"https:\/\/conpro.saske.sk\/acanthocephala\/wp-json\/wp\/v2\/pages\/59","targetHints":{"allow":["GET"]}}],"collection":[{"href":"https:\/\/conpro.saske.sk\/acanthocephala\/wp-json\/wp\/v2\/pages"}],"about":[{"href":"https:\/\/conpro.saske.sk\/acanthocephala\/wp-json\/wp\/v2\/types\/page"}],"author":[{"embeddable":true,"href":"https:\/\/conpro.saske.sk\/acanthocephala\/wp-json\/wp\/v2\/users\/1"}],"replies":[{"embeddable":true,"href":"https:\/\/conpro.saske.sk\/acanthocephala\/wp-json\/wp\/v2\/comments?post=59"}],"version-history":[{"count":7,"href":"https:\/\/conpro.saske.sk\/acanthocephala\/wp-json\/wp\/v2\/pages\/59\/revisions"}],"predecessor-version":[{"id":73,"href":"https:\/\/conpro.saske.sk\/acanthocephala\/wp-json\/wp\/v2\/pages\/59\/revisions\/73"}],"wp:attachment":[{"href":"https:\/\/conpro.saske.sk\/acanthocephala\/wp-json\/wp\/v2\/media?parent=59"}],"curies":[{"name":"wp","href":"https:\/\/api.w.org\/{rel}","templated":true}]}}