{"id":171,"date":"2017-11-14T10:18:37","date_gmt":"2017-11-14T09:18:37","guid":{"rendered":"http:\/\/conpro.saske.sk\/paradni2018\/?page_id=171"},"modified":"2017-11-18T22:36:33","modified_gmt":"2017-11-18T21:36:33","slug":"contact","status":"publish","type":"page","link":"https:\/\/conpro.saske.sk\/paradni2018\/contact\/","title":{"rendered":""},"content":{"rendered":"<div id=\"pl-171\"  class=\"panel-layout\" >\n<div id=\"pg-171-0\"  class=\"panel-grid panel-no-style\" >\n<div id=\"pgc-171-0-0\"  class=\"panel-grid-cell\"  data-weight=\"1\" >\n<div id=\"panel-171-0-0-0\" class=\"so-panel widget widget_sow-editor panel-first-child panel-last-child\" data-index=\"0\" data-style=\"{&quot;background_image_attachment&quot;:false,&quot;background_display&quot;:&quot;tile&quot;}\" >\n<div class=\"so-widget-sow-editor so-widget-sow-editor-base\">\n<div class=\"siteorigin-widget-tinymce textwidget\">\n<p><strong>Contact:<\/strong><\/p>\n<p style=\"text-align: justify;\">Slovak Society for Parasitology at SAS<br \/> Hlinkova 3<br \/> 040 01 Ko\u0161ice<br \/> Slovakia<br \/> tel.: +421 55 633 44 55<br \/> fax: +421 55 633 14 14<br \/> <a href=\"http:\/\/conpro.saske.sk\/paradni2018\">http:\/\/conpro.saske.sk\/paradni2018<\/a><\/p>\n<p style=\"text-align: justify;\"><strong>CORRESPONDENCE:<\/strong> <a href=\"mailto:paradni2018@saske.sk\"><strong>paradni2018@saske.sk<\/strong><\/a><\/p>\n<table style=\"width: 80%;\">\n<tbody>\n<tr style=\"height: 40px;\">\n<td colspan=\"2\"><strong>Organizing Committee:<\/strong><\/td>\n<td colspan=\"2\"><strong>Programme Committee:<\/strong><\/td>\n<\/tr>\n<tr>\n<td style=\"width: 10%;\"><strong><span style=\"text-decoration: underline;\"><em>Chair<\/em><\/span>:<\/strong><\/td>\n<td style=\"width: 30%;\">Martina Miterp\u00e1kov\u00e1<\/td>\n<td style=\"width: 10%;\"><strong><span style=\"text-decoration: underline;\"><em>Chair<\/em><\/span>:<\/strong><\/td>\n<td style=\"width: 30%;\">Ivica Hromadov\u00e1<\/td>\n<\/tr>\n<tr>\n<td><strong><span style=\"text-decoration: underline;\"><em>Members<\/em><\/span>:<\/strong><\/td>\n<td>Daniela Antolov\u00e1<br \/> Zuzana Hurn\u00edkov\u00e1<br \/> Veronika Tarage\u013eov\u00e1<br \/> Zuzana Vasilkov\u00e1<\/td>\n<td><span style=\"text-decoration: underline;\"><strong><em>Members<\/em><\/strong><\/span><strong>:<\/strong><\/td>\n<td>Franti\u0161ek Ondriska<br \/> Michal Stanko<br \/> Mari\u00e1n V\u00e1rady<br \/> Bronislava V\u00edchov\u00e1<\/td>\n<\/tr>\n<\/tbody>\n<\/table>\n<\/div>\n<\/div>\n<\/div>\n<\/div>\n<\/div>\n<div id=\"pg-171-1\"  class=\"panel-grid panel-no-style\"  data-style=\"{&quot;background_display&quot;:&quot;tile&quot;,&quot;cell_alignment&quot;:&quot;flex-start&quot;}\"  data-ratio=\"1\"  data-ratio-direction=\"right\" >\n<div id=\"pgc-171-1-0\"  class=\"panel-grid-cell\"  data-weight=\"1\" >\n<div id=\"panel-171-1-0-0\" class=\"so-panel widget widget_sow-editor panel-first-child panel-last-child\" data-index=\"1\" data-style=\"{&quot;background_display&quot;:&quot;tile&quot;}\" >\n<div class=\"so-widget-sow-editor so-widget-sow-editor-base\">\n<div class=\"siteorigin-widget-tinymce textwidget\">\n<p>\u00a0<\/p>\n<p>\u00a0<\/p>\n<p>\u00a0<\/p>\n<p>\u00a0<\/p>\n<p>\u00a0<\/p>\n<\/div>\n<\/div>\n<\/div>\n<\/div>\n<\/div>\n<\/div>\n","protected":false},"excerpt":{"rendered":"<p>Contact: Slovak Society for Parasitology at SAS Hlinkova 3 040 01 Ko\u0161ice Slovakia tel.: +421 55 633 44 55 fax: +421 55 633 14 14 http:\/\/conpro.saske.sk\/paradni2018 CORRESPONDENCE: paradni2018@saske.sk Organizing Committee: Programme Committee: Chair: Martina Miterp\u00e1kov\u00e1 Chair: Ivica Hromadov\u00e1 Members: Daniela<\/p>\n","protected":false},"author":1,"featured_media":0,"parent":0,"menu_order":0,"comment_status":"closed","ping_status":"open","template":"","meta":{"footnotes":""},"class_list":["post-171","page","type-page","status-publish","hentry"],"_links":{"self":[{"href":"https:\/\/conpro.saske.sk\/paradni2018\/wp-json\/wp\/v2\/pages\/171","targetHints":{"allow":["GET"]}}],"collection":[{"href":"https:\/\/conpro.saske.sk\/paradni2018\/wp-json\/wp\/v2\/pages"}],"about":[{"href":"https:\/\/conpro.saske.sk\/paradni2018\/wp-json\/wp\/v2\/types\/page"}],"author":[{"embeddable":true,"href":"https:\/\/conpro.saske.sk\/paradni2018\/wp-json\/wp\/v2\/users\/1"}],"replies":[{"embeddable":true,"href":"https:\/\/conpro.saske.sk\/paradni2018\/wp-json\/wp\/v2\/comments?post=171"}],"version-history":[{"count":34,"href":"https:\/\/conpro.saske.sk\/paradni2018\/wp-json\/wp\/v2\/pages\/171\/revisions"}],"predecessor-version":[{"id":621,"href":"https:\/\/conpro.saske.sk\/paradni2018\/wp-json\/wp\/v2\/pages\/171\/revisions\/621"}],"wp:attachment":[{"href":"https:\/\/conpro.saske.sk\/paradni2018\/wp-json\/wp\/v2\/media?parent=171"}],"curies":[{"name":"wp","href":"https:\/\/api.w.org\/{rel}","templated":true}]}}