{"id":112,"date":"2021-05-10T22:25:57","date_gmt":"2021-05-10T20:25:57","guid":{"rendered":"http:\/\/conpro.saske.sk\/sps\/?page_id=112"},"modified":"2026-02-12T16:06:47","modified_gmt":"2026-02-12T15:06:47","slug":"home","status":"publish","type":"page","link":"https:\/\/conpro.saske.sk\/sps\/","title":{"rendered":""},"content":{"rendered":"<div id=\"pl-112\"  class=\"panel-layout\" ><div id=\"pg-112-0\"  class=\"panel-grid panel-no-style\" ><div id=\"pgc-112-0-0\"  class=\"panel-grid-cell\" ><div id=\"panel-112-0-0-0\" class=\"so-panel widget widget_sow-image panel-first-child\" data-index=\"0\" ><div\n\t\t\t\n\t\t\tclass=\"so-widget-sow-image so-widget-sow-image-default-8b5b6f678277-112\"\n\t\t\t\n\t\t>\n<div class=\"sow-image-container\">\n\t\t<img fetchpriority=\"high\" \n\tsrc=\"https:\/\/conpro.saske.sk\/sps\/wp-content\/uploads\/sites\/10\/2026\/02\/banner-new-scaled.jpg\" width=\"2560\" height=\"616\" srcset=\"https:\/\/conpro.saske.sk\/sps\/wp-content\/uploads\/sites\/10\/2026\/02\/banner-new-scaled.jpg 2560w, https:\/\/conpro.saske.sk\/sps\/wp-content\/uploads\/sites\/10\/2026\/02\/banner-new-300x72.jpg 300w, https:\/\/conpro.saske.sk\/sps\/wp-content\/uploads\/sites\/10\/2026\/02\/banner-new-1024x246.jpg 1024w, https:\/\/conpro.saske.sk\/sps\/wp-content\/uploads\/sites\/10\/2026\/02\/banner-new-768x185.jpg 768w, https:\/\/conpro.saske.sk\/sps\/wp-content\/uploads\/sites\/10\/2026\/02\/banner-new-1536x370.jpg 1536w, https:\/\/conpro.saske.sk\/sps\/wp-content\/uploads\/sites\/10\/2026\/02\/banner-new-2048x493.jpg 2048w\" sizes=\"(max-width: 2560px) 100vw, 2560px\" title=\"banner-new\" alt=\"\" \t\tclass=\"so-widget-image\"\/>\n\t<\/div>\n\n<\/div><\/div><div id=\"panel-112-0-0-1\" class=\"so-panel widget widget_sow-editor panel-last-child\" data-index=\"1\" ><div\n\t\t\t\n\t\t\tclass=\"so-widget-sow-editor so-widget-sow-editor-base\"\n\t\t\t\n\t\t>\n<div class=\"siteorigin-widget-tinymce textwidget\">\n\t<div class=\"xdj266r x14z9mp xat24cr x1lziwak x1vvkbs x126k92a\">\n<div dir=\"auto\" style=\"text-align: justify;\"><span style=\"color: #000000;\">V\u00e1\u017een\u00ed kolegovia \u2013 parazitol\u00f3govia,<\/span><\/div>\n<div dir=\"auto\">&nbsp;<\/div>\n<\/div>\n<div class=\"x14z9mp xat24cr x1lziwak x1vvkbs xtlvy1s x126k92a\" style=\"text-align: justify;\">\n<div dir=\"auto\"><span style=\"color: #000000;\">je mi ve\u013ek\u00fdm pote\u0161en\u00edm pozva\u0165 V\u00e1s na medzin\u00e1rodn\u00fa konferenciu organizovan\u00fa Slovenskou parazitologickou spolo\u010dnos\u0165ou a Parazitologick\u00fdm \u00fastavom SAV, v. v. i., ktor\u00e1 sa bude kona\u0165 vo Vysok\u00fdch Tatr\u00e1ch na Slovensku.<\/span><\/div>\n<\/div>\n<div class=\"x14z9mp xat24cr x1lziwak x1vvkbs xtlvy1s x126k92a\" style=\"text-align: justify;\">\n<div dir=\"auto\"><span style=\"color: #000000;\">Konferencia nadv\u00e4zuje na trad\u00edciu dvojro\u010dn\u00fdch vedeck\u00fdch stretnut\u00ed, ktor\u00e9 sa za\u010dali v roku 1994 a s\u00fa spolo\u010dne organizovan\u00e9 Slovenskou parazitologickou spolo\u010dnos\u0165ou a \u010ceskou parazitologickou spolo\u010dnos\u0165ou.<\/span><\/div>\n<\/div>\n<div class=\"x14z9mp xat24cr x1lziwak x1vvkbs xtlvy1s x126k92a\" style=\"text-align: justify;\">\n<div dir=\"auto\"><span style=\"color: #000000;\">V tomto roku sa konferencia op\u00e4\u0165 uskuto\u010dn\u00ed v roz\u0161\u00edrenom form\u00e1te ako tretie pokra\u010dovanie konferencie Parasites in the Heart of Europe (Parazity v srdci Eur\u00f3py), za \u00fa\u010dasti parazitol\u00f3gov zo \u0161irokej medzin\u00e1rodnej komunity. Ofici\u00e1lnym jazykom konferencie bude angli\u010dtina. Neoddelite\u013enou s\u00fa\u010das\u0165ou programu bude aj tradi\u010dn\u00e9 vedeck\u00e9 stretnutie Labudove dni, venovan\u00e9 v\u00fdznamn\u00e9mu slovensk\u00e9mu biol\u00f3govi Milanovi Labudovi.<\/span><\/div>\n<\/div>\n<div class=\"x14z9mp xat24cr x1lziwak x1vvkbs xtlvy1s x126k92a\" style=\"text-align: justify;\">\n<div dir=\"auto\"><span style=\"color: #000000;\">\u00da\u010dastn\u00edci si bud\u00fa m\u00f4c\u0165 vypo\u010du\u0165 renomovan\u00fdch re\u010dn\u00edkov, ktor\u00ed predstavia \u0161irok\u00e9 spektrum t\u00e9m z oblasti parazitol\u00f3gie. Konferencia z\u00e1rove\u0148 poskytne dostatok priestoru na prezent\u00e1ciu vlastn\u00fdch v\u00fdsledkov a podpor\u00ed odborn\u00fa diskusiu i spolupr\u00e1cu medzi v\u00fdskumn\u00edkmi z medzin\u00e1rodnej vedeckej komunity.<\/span><\/div>\n<\/div>\n<div class=\"x14z9mp xat24cr x1lziwak x1vvkbs xtlvy1s x126k92a\" style=\"text-align: justify;\">\n<div dir=\"auto\"><span style=\"color: #000000;\">Organiz\u00e1tori sa te\u0161ia na stretnutie s Vami vo Vysok\u00fdch Tatr\u00e1ch.<\/span><\/div>\n<div dir=\"auto\">&nbsp;<\/div>\n<\/div>\n<div class=\"x14z9mp xat24cr x1lziwak x1vvkbs xtlvy1s x126k92a\" style=\"text-align: justify;\">\n<div dir=\"auto\" style=\"text-align: left;\"><span style=\"color: #000000;\">Priebe\u017ene aktualizovan\u00e9 inform\u00e1cie s\u00fa dostupn\u00e9 na novej webovej str\u00e1nke konferencie: <\/span><span class=\"html-span xdj266r x14z9mp xat24cr x1lziwak xexx8yu xyri2b x18d9i69 x1c1uobl x1hl2dhg x16tdsg8 x1vvkbs\"><a class=\"x1i10hfl xjbqb8w x1ejq31n x18oe1m7 x1sy0etr xstzfhl x972fbf x10w94by x1qhh985 x14e42zd x9f619 x1ypdohk xt0psk2 x3ct3a4 xdj266r x14z9mp xat24cr x1lziwak xexx8yu xyri2b x18d9i69 x1c1uobl x16tdsg8 x1hl2dhg xggy1nq x1a2a7pz xkrqix3 x1sur9pj x1fey0fg x1s688f\" tabindex=\"0\" role=\"link\" href=\"https:\/\/conpro.saske.sk\/paradni2026\/\" target=\"_blank\" rel=\"nofollow noopener noreferrer\">https:\/\/conpro.saske.sk\/paradni2026\/<\/a><\/span><\/div>\n<\/div>\n<div class=\"x14z9mp xat24cr x1lziwak x1vvkbs xtlvy1s x126k92a\" style=\"text-align: justify;\">\n<div dir=\"auto\" style=\"text-align: right;\"><span style=\"color: #000000;\">Mikul\u00e1\u0161 Oros<\/span><\/div>\n<div dir=\"auto\" style=\"text-align: right;\"><span style=\"color: #000000;\">predseda<\/span><\/div>\n<div dir=\"auto\" style=\"text-align: right;\"><span style=\"color: #000000;\">Slovenskej parazitologickej spolo\u010dnosti pri SAV<\/span><\/div>\n<\/div>\n<div class=\"x14z9mp xat24cr x1lziwak x1vvkbs xtlvy1s x126k92a\" style=\"text-align: justify;\">\n<div dir=\"auto\">\n<hr style=\"border-top: 1px dotted; border-bottom: none;\"\/>\n<\/div>\n<\/div>\n<div class=\"x14z9mp xat24cr x1lziwak x1vvkbs xtlvy1s x126k92a\" style=\"text-align: justify;\">\n<div dir=\"auto\"><span style=\"color: #000000;\">Dear Parasitologists,<\/span><\/div>\n<div dir=\"auto\">&nbsp;<\/div>\n<\/div>\n<div class=\"x14z9mp xat24cr x1lziwak x1vvkbs xtlvy1s x126k92a\" style=\"text-align: justify;\">\n<div dir=\"auto\"><span style=\"color: #000000;\">It is my great pleasure to welcome you to the international conference hosted by the Slovak Society for Parasitology and the Institute of Parasitology, Slovak Academy of Sciences, to be held in the High Tatras, Slovakia.<\/span><\/div>\n<\/div>\n<div class=\"x14z9mp xat24cr x1lziwak x1vvkbs xtlvy1s x126k92a\" style=\"text-align: justify;\">\n<div dir=\"auto\"><span style=\"color: #000000;\">Our conference continues the tradition of biannual scientific meetings, which began in 1994 and has been organized jointly by the Slovak Society for Parasitology and the Czech Society for Parasitology.<\/span><\/div>\n<\/div>\n<div class=\"x14z9mp xat24cr x1lziwak x1vvkbs xtlvy1s x126k92a\" style=\"text-align: justify;\">\n<div dir=\"auto\"><span style=\"color: #000000;\">This year, the conference will once again be held in an expanded format as the third continuation of Parasites in the Heart of Europe, welcoming parasitologists from a broad international community, with English serving as the official language. In addition, the traditional scientific meeting \u201cLabuda\u2019s Days\u201c dedicated to the eminent Slovak biologist Milan Labuda, will be held as an integral part of the programme.<\/span><\/div>\n<\/div>\n<div class=\"x14z9mp xat24cr x1lziwak x1vvkbs xtlvy1s x126k92a\" style=\"text-align: justify;\">\n<div dir=\"auto\"><span style=\"color: #000000;\">Participants will have the opportunity to hear renowned speakers addressing a wide range of topics. The conference will also provide ample opportunities for attendees to present their own work, encouraging scientific discussion and fostering collaboration among researchers from the international scientific community.<\/span><\/div>\n<\/div>\n<div class=\"x14z9mp xat24cr x1lziwak x1vvkbs xtlvy1s x126k92a\" style=\"text-align: justify;\">\n<div dir=\"auto\"><span style=\"color: #000000;\">The organizers are looking forward to extending a warm welcome to you in the High Tatras.<\/span><\/div>\n<div dir=\"auto\">&nbsp;<\/div>\n<\/div>\n<div class=\"x14z9mp xat24cr x1lziwak x1vvkbs xtlvy1s x126k92a\" style=\"text-align: justify;\">\n<div dir=\"auto\" style=\"text-align: left;\"><span style=\"color: #000000;\">Detailed information about the conference can be found on the new website: <\/span><span class=\"html-span xdj266r x14z9mp xat24cr x1lziwak xexx8yu xyri2b x18d9i69 x1c1uobl x1hl2dhg x16tdsg8 x1vvkbs\"><a class=\"x1i10hfl xjbqb8w x1ejq31n x18oe1m7 x1sy0etr xstzfhl x972fbf x10w94by x1qhh985 x14e42zd x9f619 x1ypdohk xt0psk2 x3ct3a4 xdj266r x14z9mp xat24cr x1lziwak xexx8yu xyri2b x18d9i69 x1c1uobl x16tdsg8 x1hl2dhg xggy1nq x1a2a7pz xkrqix3 x1sur9pj x1fey0fg x1s688f\" tabindex=\"0\" role=\"link\" href=\"https:\/\/l.facebook.com\/l.php?u=https%3A%2F%2Fconpro.saske.sk%2Fparadni2026%2F&amp;h=AT2COehSmY-PXDQYNbTRzZwR_PXtRvxzZWkWeY8g89pReoZNsthu82pib6Yt51uSqwnkkkANy7mRmBYyl1oH4TxIu_SVdujLKPNfCUAT7cDljoxYQJuSDC2qER7W0t4KPrWi1qVp569X2c6wo3SlU1vJVchalLUQ&amp;__tn__=-UK-R&amp;c[0]=AT1qdXrrKhYOfTlsjvA3doaDVfRYbvshEK14AEyxwEKXkW0cd5lyS6fpbpDfSDjiRorUvQHT5VI8NG5qm9QA0VaKCdmnEkgXnIphfc39kxVc8cpqIM9IazU5b1IU8g_etl7T7EvLJpNR6W5BU9byL_Pfw96-AcSazpQnrHGt1L_ZzSlwd1mnpqzyLElkadU\" target=\"_blank\" rel=\"nofollow noopener noreferrer\">https:\/\/conpro.saske.sk\/paradni2026\/<\/a><\/span><\/div>\n<\/div>\n<div class=\"x14z9mp xat24cr x1lziwak x1vvkbs xtlvy1s x126k92a\">\n<div dir=\"auto\" style=\"text-align: right;\"><span style=\"color: #000000;\">Mikul\u00e1\u0161 Oros<\/span><\/div>\n<div dir=\"auto\" style=\"text-align: right;\"><span style=\"color: #000000;\">president<\/span><\/div>\n<div dir=\"auto\" style=\"text-align: right;\"><span style=\"color: #000000;\">Slovak Society for Parasitology<\/span><\/div>\n<\/div>\n<\/div>\n<\/div><\/div><\/div><\/div><div id=\"pg-112-1\"  class=\"panel-grid panel-no-style\" ><div id=\"pgc-112-1-0\"  class=\"panel-grid-cell\" ><div id=\"panel-112-1-0-0\" class=\"so-panel widget widget_sow-editor panel-first-child panel-last-child\" data-index=\"2\" ><div\n\t\t\t\n\t\t\tclass=\"so-widget-sow-editor so-widget-sow-editor-base\"\n\t\t\t\n\t\t>\n<div class=\"siteorigin-widget-tinymce textwidget\">\n\t<hr style=\"border: 2px solid #D9C5C1;\"\/>\n<\/div>\n<\/div><\/div><\/div><\/div><div id=\"pg-112-2\"  class=\"panel-grid panel-no-style\" ><div id=\"pgc-112-2-0\"  class=\"panel-grid-cell\" ><div id=\"panel-112-2-0-0\" class=\"so-panel widget widget_sow-editor panel-first-child panel-last-child\" data-index=\"3\" ><div\n\t\t\t\n\t\t\tclass=\"so-widget-sow-editor so-widget-sow-editor-base\"\n\t\t\t\n\t\t><h3 class=\"widget-title\">Kontakt<\/h3>\n<div class=\"siteorigin-widget-tinymce textwidget\">\n\t<h3>Slovensk\u00e1 parazitologick\u00e1 spolo\u010dnos\u0165 pri SAV<\/h3>\n<p><span>Hlinkova 3&nbsp;<br \/>\n040 01 Ko\u0161ice&nbsp;<br \/>\nTel: 055 63 344 55<br \/>\nE-mail: sps( at )saske.sk&nbsp;<\/span><\/p>\n<p><span><a href=\"https:\/\/www.facebook.com\/parazitologia.sk\" target=\"_blank\" rel=\"noopener\"><img decoding=\"async\" class=\"icon-position2\" src=\"http:\/\/conpro.saske.sk\/sps\/wp-content\/uploads\/sites\/10\/2021\/06\/iconfacebook-1.png\"\/><\/a><\/span><\/p>\n<\/div>\n<\/div><\/div><\/div><\/div><\/div>","protected":false},"excerpt":{"rendered":"<p>V\u00e1\u017een\u00ed kolegovia \u2013 parazitol\u00f3govia, &nbsp; je mi ve\u013ek\u00fdm pote\u0161en\u00edm pozva\u0165 V\u00e1s na medzin\u00e1rodn\u00fa konferenciu organizovan\u00fa Slovenskou parazitologickou spolo\u010dnos\u0165ou a Parazitologick\u00fdm \u00fastavom SAV, v. v. i., ktor\u00e1 sa bude kona\u0165 vo Vysok\u00fdch Tatr\u00e1ch na Slovensku. Konferencia nadv\u00e4zuje na trad\u00edciu dvojro\u010dn\u00fdch vedeck\u00fdch<\/p>\n","protected":false},"author":1,"featured_media":0,"parent":0,"menu_order":0,"comment_status":"closed","ping_status":"closed","template":"","meta":{"footnotes":""},"class_list":["post-112","page","type-page","status-publish","hentry"],"_links":{"self":[{"href":"https:\/\/conpro.saske.sk\/sps\/wp-json\/wp\/v2\/pages\/112","targetHints":{"allow":["GET"]}}],"collection":[{"href":"https:\/\/conpro.saske.sk\/sps\/wp-json\/wp\/v2\/pages"}],"about":[{"href":"https:\/\/conpro.saske.sk\/sps\/wp-json\/wp\/v2\/types\/page"}],"author":[{"embeddable":true,"href":"https:\/\/conpro.saske.sk\/sps\/wp-json\/wp\/v2\/users\/1"}],"replies":[{"embeddable":true,"href":"https:\/\/conpro.saske.sk\/sps\/wp-json\/wp\/v2\/comments?post=112"}],"version-history":[{"count":17,"href":"https:\/\/conpro.saske.sk\/sps\/wp-json\/wp\/v2\/pages\/112\/revisions"}],"predecessor-version":[{"id":1344,"href":"https:\/\/conpro.saske.sk\/sps\/wp-json\/wp\/v2\/pages\/112\/revisions\/1344"}],"wp:attachment":[{"href":"https:\/\/conpro.saske.sk\/sps\/wp-json\/wp\/v2\/media?parent=112"}],"curies":[{"name":"wp","href":"https:\/\/api.w.org\/{rel}","templated":true}]}}