{"id":1225,"date":"2025-03-25T16:42:10","date_gmt":"2025-03-25T15:42:10","guid":{"rendered":"https:\/\/conpro.saske.sk\/sps\/?page_id=1225"},"modified":"2025-03-25T16:51:24","modified_gmt":"2025-03-25T15:51:24","slug":"archiv_clankov","status":"publish","type":"page","link":"https:\/\/conpro.saske.sk\/sps\/archiv_clankov\/","title":{"rendered":"Arch\u00edv zauj\u00edmav\u00fdch pr\u00edspevkov"},"content":{"rendered":"<div id=\"pl-1225\"  class=\"panel-layout\" ><div id=\"pg-1225-0\"  class=\"panel-grid panel-no-style\" ><div id=\"pgc-1225-0-0\"  class=\"panel-grid-cell\" ><div id=\"panel-1225-0-0-0\" class=\"so-panel widget widget_sow-post-carousel panel-first-child panel-last-child\" data-index=\"0\" ><div\n\t\t\t\n\t\t\tclass=\"so-widget-sow-post-carousel so-widget-sow-post-carousel-base-b7e54ac0a70d-1225\"\n\t\t\t\n\t\t>\t<div\n\t\tclass=\"sow-post-carousel-wrapper sow-post-carousel-theme-base\"\n\t\tstyle=\"overflow: hidden; max-width: 100%; min-height: 182px\"\n\t>\n\t\t<div class=\"sow-carousel-title\">\n\t\t\t<div class=\"sow-carousel-navigation \">\n\t\t\t\t\t\t<a href=\"#\" class=\"sow-carousel-next\" title=\"Next\" aria-label=\"Next Posts\" role=\"button\"><\/a>\n\t\t\t\t\t\t<a href=\"#\" class=\"sow-carousel-previous\" title=\"Previous\" aria-label=\"Previous Posts\" role=\"button\"><\/a>\n\t\t\t\t\t<\/div>\n\t<\/div>\n\n<div class=\"sow-carousel-container \">\n\t\t<div class=\"sow-carousel-wrapper\"\n\t\tdata-dir=\"ltr\"\n\t\tstyle=\"opacity: 0;\"\n\t\tdata-widget=\"post\" data-fetching=\"false\" data-page=\"1\" data-ajax-url=\"https:\/\/conpro.saske.sk\/sps\/wp-admin\/admin-ajax.php?_widgets_nonce=6871f2ada0\" data-item_count=\"14\" data-carousel_settings=\"{&quot;loop&quot;:true,&quot;animation&quot;:&quot;ease&quot;,&quot;animation_speed&quot;:400,&quot;autoplay&quot;:&quot;off&quot;,&quot;pauseOnHover&quot;:&quot;&quot;,&quot;autoplaySpeed&quot;:8000,&quot;item_overflow&quot;:true,&quot;autoplay_continuous_scroll&quot;:false}\" data-responsive=\"{&quot;desktop_slides_to_scroll&quot;:1,&quot;tablet_landscape_breakpoint&quot;:1366,&quot;tablet_landscape_slides_to_scroll&quot;:2,&quot;tablet_portrait_breakpoint&quot;:1025,&quot;tablet_portrait_slides_to_scroll&quot;:2,&quot;mobile_breakpoint&quot;:480,&quot;mobile_slides_to_scroll&quot;:1}\" data-variable_width=\"true\" \t>\n\t\t<div\n\t\t\tclass=\"sow-carousel-items\"\n\t\t\t\t\t>\n\t\t\t\t<div class=\"sow-carousel-item\" tabindex=\"-1\" style=\"float: left;\">\n\t\t<div class=\"sow-carousel-thumbnail\">\n\t\t\t\t\t\t\t<a\n\t\t\t\t\thref=\"https:\/\/conpro.saske.sk\/sps\/esccap\/\"\n\t\t\t\t\t\t\t\t\t\tstyle=\"background-image: url( https:\/\/conpro.saske.sk\/sps\/wp-content\/uploads\/sites\/10\/2024\/10\/esccap-logo5-272x182.png )\"\n\t\t\t\t\taria-labelledby=\"sow-carousel-id-991\"\n\t\t\t\t\ttabindex=\"-1\"\n\t\t\t\t>\n\t\t\t\t\t<span class=\"overlay\"><\/span>\n\t\t\t\t<\/a>\n\t\t\t\t\t<\/div>\n\t\t<h3 class=\"sow-carousel-item-title\">\n\t\t\t<a\n\t\t\t\thref=\"https:\/\/conpro.saske.sk\/sps\/esccap\/\"\n\t\t\t\tid=\"sow-carousel-id-991\"\n\t\t\t\t\t\t\t\ttabindex=\"-1\"\n\t\t\t>\n\n\t\t\t\tOrganiz\u00e1cia ESCCAP Slovensko a \u010cesko\t\t\t<\/a>\n\t\t<\/h3>\n\t<\/div>\n\t\t<div class=\"sow-carousel-item\" tabindex=\"-1\" style=\"float: left;\">\n\t\t<div class=\"sow-carousel-thumbnail\">\n\t\t\t\t\t\t\t<a\n\t\t\t\t\thref=\"https:\/\/conpro.saske.sk\/sps\/noci-vedy-boli-sme-pri-tom\/\"\n\t\t\t\t\t\t\t\t\t\tstyle=\"background-image: url( https:\/\/conpro.saske.sk\/sps\/wp-content\/uploads\/sites\/10\/2024\/10\/noc-vedy9-272x182.jpg )\"\n\t\t\t\t\taria-labelledby=\"sow-carousel-id-955\"\n\t\t\t\t\ttabindex=\"-1\"\n\t\t\t\t>\n\t\t\t\t\t<span class=\"overlay\"><\/span>\n\t\t\t\t<\/a>\n\t\t\t\t\t<\/div>\n\t\t<h3 class=\"sow-carousel-item-title\">\n\t\t\t<a\n\t\t\t\thref=\"https:\/\/conpro.saske.sk\/sps\/noci-vedy-boli-sme-pri-tom\/\"\n\t\t\t\tid=\"sow-carousel-id-955\"\n\t\t\t\t\t\t\t\ttabindex=\"-1\"\n\t\t\t>\n\n\t\t\t\tNoc vedy 2024 &#8211; boli sme pri tom\t\t\t<\/a>\n\t\t<\/h3>\n\t<\/div>\n\t\t<div class=\"sow-carousel-item\" tabindex=\"-1\" style=\"float: left;\">\n\t\t<div class=\"sow-carousel-thumbnail\">\n\t\t\t\t\t\t\t<a\n\t\t\t\t\thref=\"https:\/\/conpro.saske.sk\/sps\/vzdelavacie-okienko\/\"\n\t\t\t\t\t\t\t\t\t\tstyle=\"background-image: url( https:\/\/conpro.saske.sk\/sps\/wp-content\/uploads\/sites\/10\/2024\/09\/education1-272x182.jpg )\"\n\t\t\t\t\taria-labelledby=\"sow-carousel-id-910\"\n\t\t\t\t\ttabindex=\"-1\"\n\t\t\t\t>\n\t\t\t\t\t<span class=\"overlay\"><\/span>\n\t\t\t\t<\/a>\n\t\t\t\t\t<\/div>\n\t\t<h3 class=\"sow-carousel-item-title\">\n\t\t\t<a\n\t\t\t\thref=\"https:\/\/conpro.saske.sk\/sps\/vzdelavacie-okienko\/\"\n\t\t\t\tid=\"sow-carousel-id-910\"\n\t\t\t\t\t\t\t\ttabindex=\"-1\"\n\t\t\t>\n\n\t\t\t\tVzdel\u00e1vacie okienko\t\t\t<\/a>\n\t\t<\/h3>\n\t<\/div>\n\t\t<div class=\"sow-carousel-item\" tabindex=\"-1\" style=\"float: left;\">\n\t\t<div class=\"sow-carousel-thumbnail\">\n\t\t\t\t\t\t\t<a\n\t\t\t\t\thref=\"https:\/\/conpro.saske.sk\/sps\/konferencia-slovenskej-ichtyologickej-spolocnosti\/\"\n\t\t\t\t\t\t\t\t\t\tstyle=\"background-image: url( https:\/\/conpro.saske.sk\/sps\/wp-content\/uploads\/sites\/10\/2024\/09\/fish-272x182.jpg )\"\n\t\t\t\t\taria-labelledby=\"sow-carousel-id-900\"\n\t\t\t\t\ttabindex=\"-1\"\n\t\t\t\t>\n\t\t\t\t\t<span class=\"overlay\"><\/span>\n\t\t\t\t<\/a>\n\t\t\t\t\t<\/div>\n\t\t<h3 class=\"sow-carousel-item-title\">\n\t\t\t<a\n\t\t\t\thref=\"https:\/\/conpro.saske.sk\/sps\/konferencia-slovenskej-ichtyologickej-spolocnosti\/\"\n\t\t\t\tid=\"sow-carousel-id-900\"\n\t\t\t\t\t\t\t\ttabindex=\"-1\"\n\t\t\t>\n\n\t\t\t\tKonferencia Slovenskej ichtyologickej spolo\u010dnosti\t\t\t<\/a>\n\t\t<\/h3>\n\t<\/div>\n\t\t<div class=\"sow-carousel-item\" tabindex=\"-1\" style=\"float: left;\">\n\t\t<div class=\"sow-carousel-thumbnail\">\n\t\t\t\t\t\t\t<a\n\t\t\t\t\thref=\"https:\/\/conpro.saske.sk\/sps\/terenna-expedicia-v-norsku\/\"\n\t\t\t\t\t\t\t\t\t\tstyle=\"background-image: url( https:\/\/conpro.saske.sk\/sps\/wp-content\/uploads\/sites\/10\/2024\/09\/Norsko5-272x182.jpg )\"\n\t\t\t\t\taria-labelledby=\"sow-carousel-id-878\"\n\t\t\t\t\ttabindex=\"-1\"\n\t\t\t\t>\n\t\t\t\t\t<span class=\"overlay\"><\/span>\n\t\t\t\t<\/a>\n\t\t\t\t\t<\/div>\n\t\t<h3 class=\"sow-carousel-item-title\">\n\t\t\t<a\n\t\t\t\thref=\"https:\/\/conpro.saske.sk\/sps\/terenna-expedicia-v-norsku\/\"\n\t\t\t\tid=\"sow-carousel-id-878\"\n\t\t\t\t\t\t\t\ttabindex=\"-1\"\n\t\t\t>\n\n\t\t\t\tTer\u00e9nna exped\u00edcia v N\u00f3rsku\t\t\t<\/a>\n\t\t<\/h3>\n\t<\/div>\n\t\t<div class=\"sow-carousel-item\" tabindex=\"-1\" style=\"float: left;\">\n\t\t<div class=\"sow-carousel-thumbnail\">\n\t\t\t\t\t\t\t<a\n\t\t\t\t\thref=\"https:\/\/conpro.saske.sk\/sps\/toxoplazmoza-a-macky-naozaj-nebezpecna-dvojka\/\"\n\t\t\t\t\t\t\t\t\t\tstyle=\"background-image: url( https:\/\/conpro.saske.sk\/sps\/wp-content\/uploads\/sites\/10\/2024\/08\/cat-272x182.png )\"\n\t\t\t\t\taria-labelledby=\"sow-carousel-id-861\"\n\t\t\t\t\ttabindex=\"-1\"\n\t\t\t\t>\n\t\t\t\t\t<span class=\"overlay\"><\/span>\n\t\t\t\t<\/a>\n\t\t\t\t\t<\/div>\n\t\t<h3 class=\"sow-carousel-item-title\">\n\t\t\t<a\n\t\t\t\thref=\"https:\/\/conpro.saske.sk\/sps\/toxoplazmoza-a-macky-naozaj-nebezpecna-dvojka\/\"\n\t\t\t\tid=\"sow-carousel-id-861\"\n\t\t\t\t\t\t\t\ttabindex=\"-1\"\n\t\t\t>\n\n\t\t\t\tToxoplazm\u00f3za a ma\u010dky \u2013 naozaj nebezpe\u010dn\u00e1 dvojka?\t\t\t<\/a>\n\t\t<\/h3>\n\t<\/div>\n\t\t<div class=\"sow-carousel-item\" tabindex=\"-1\" style=\"float: left;\">\n\t\t<div class=\"sow-carousel-thumbnail\">\n\t\t\t\t\t\t\t<a\n\t\t\t\t\thref=\"https:\/\/conpro.saske.sk\/sps\/leismanioza-psov-moze-byt-nechcenym-suvenirom-z-dovolenky\/\"\n\t\t\t\t\t\t\t\t\t\tstyle=\"background-image: url( https:\/\/conpro.saske.sk\/sps\/wp-content\/uploads\/sites\/10\/2024\/08\/dog-sea-272x182.png )\"\n\t\t\t\t\taria-labelledby=\"sow-carousel-id-856\"\n\t\t\t\t\ttabindex=\"-1\"\n\t\t\t\t>\n\t\t\t\t\t<span class=\"overlay\"><\/span>\n\t\t\t\t<\/a>\n\t\t\t\t\t<\/div>\n\t\t<h3 class=\"sow-carousel-item-title\">\n\t\t\t<a\n\t\t\t\thref=\"https:\/\/conpro.saske.sk\/sps\/leismanioza-psov-moze-byt-nechcenym-suvenirom-z-dovolenky\/\"\n\t\t\t\tid=\"sow-carousel-id-856\"\n\t\t\t\t\t\t\t\ttabindex=\"-1\"\n\t\t\t>\n\n\t\t\t\tLei\u0161mani\u00f3za psov m\u00f4\u017ee by\u0165 nechcen\u00fdm suven\u00edrom z dovolenky\t\t\t<\/a>\n\t\t<\/h3>\n\t<\/div>\n\t\t<div class=\"sow-carousel-item\" tabindex=\"-1\" style=\"float: left;\">\n\t\t<div class=\"sow-carousel-thumbnail\">\n\t\t\t\t\t\t\t<a\n\t\t\t\t\thref=\"https:\/\/conpro.saske.sk\/sps\/hyperparaziticke-osicky-ktore-pomahaju-v-boji-proti-kliestom\/\"\n\t\t\t\t\t\t\t\t\t\tstyle=\"background-image: url( https:\/\/conpro.saske.sk\/sps\/wp-content\/uploads\/sites\/10\/2024\/08\/osicky-272x182.png )\"\n\t\t\t\t\taria-labelledby=\"sow-carousel-id-851\"\n\t\t\t\t\ttabindex=\"-1\"\n\t\t\t\t>\n\t\t\t\t\t<span class=\"overlay\"><\/span>\n\t\t\t\t<\/a>\n\t\t\t\t\t<\/div>\n\t\t<h3 class=\"sow-carousel-item-title\">\n\t\t\t<a\n\t\t\t\thref=\"https:\/\/conpro.saske.sk\/sps\/hyperparaziticke-osicky-ktore-pomahaju-v-boji-proti-kliestom\/\"\n\t\t\t\tid=\"sow-carousel-id-851\"\n\t\t\t\t\t\t\t\ttabindex=\"-1\"\n\t\t\t>\n\n\t\t\t\tHyperparazitick\u00e9 osi\u010dky, ktor\u00e9 pom\u00e1haj\u00fa v boji proti klie\u0161\u0165om\t\t\t<\/a>\n\t\t<\/h3>\n\t<\/div>\n\t\t<div class=\"sow-carousel-item\" tabindex=\"-1\" style=\"float: left;\">\n\t\t<div class=\"sow-carousel-thumbnail\">\n\t\t\t\t\t\t\t<a\n\t\t\t\t\thref=\"https:\/\/conpro.saske.sk\/sps\/vikend-trnava\/\"\n\t\t\t\t\t\t\t\t\t\tstyle=\"background-image: url( https:\/\/conpro.saske.sk\/sps\/wp-content\/uploads\/sites\/10\/2024\/06\/vikend_SAV-272x182.jpg )\"\n\t\t\t\t\taria-labelledby=\"sow-carousel-id-808\"\n\t\t\t\t\ttabindex=\"-1\"\n\t\t\t\t>\n\t\t\t\t\t<span class=\"overlay\"><\/span>\n\t\t\t\t<\/a>\n\t\t\t\t\t<\/div>\n\t\t<h3 class=\"sow-carousel-item-title\">\n\t\t\t<a\n\t\t\t\thref=\"https:\/\/conpro.saske.sk\/sps\/vikend-trnava\/\"\n\t\t\t\tid=\"sow-carousel-id-808\"\n\t\t\t\t\t\t\t\ttabindex=\"-1\"\n\t\t\t>\n\n\t\t\t\tV\u00edkend so SAV v Trnave s Ing. Ren\u010dom\t\t\t<\/a>\n\t\t<\/h3>\n\t<\/div>\n\t\t<div class=\"sow-carousel-item\" tabindex=\"-1\" style=\"float: left;\">\n\t\t<div class=\"sow-carousel-thumbnail\">\n\t\t\t\t\t\t\t<a\n\t\t\t\t\thref=\"https:\/\/conpro.saske.sk\/sps\/podcast\/\"\n\t\t\t\t\t\t\t\t\t\tstyle=\"background-image: url( https:\/\/conpro.saske.sk\/sps\/wp-content\/uploads\/sites\/10\/2024\/06\/podcast-272x182.jpeg )\"\n\t\t\t\t\taria-labelledby=\"sow-carousel-id-836\"\n\t\t\t\t\ttabindex=\"-1\"\n\t\t\t\t>\n\t\t\t\t\t<span class=\"overlay\"><\/span>\n\t\t\t\t<\/a>\n\t\t\t\t\t<\/div>\n\t\t<h3 class=\"sow-carousel-item-title\">\n\t\t\t<a\n\t\t\t\thref=\"https:\/\/conpro.saske.sk\/sps\/podcast\/\"\n\t\t\t\tid=\"sow-carousel-id-836\"\n\t\t\t\t\t\t\t\ttabindex=\"-1\"\n\t\t\t>\n\n\t\t\t\tVedeck\u00fd podcast SAV\t\t\t<\/a>\n\t\t<\/h3>\n\t<\/div>\n\t\t\t<\/div>\n\t\t\t<\/div>\n\n\t<\/div>\n\t\t<input type=\"hidden\" name=\"instance_hash\" value=\"bd20886d\"\/>\n\t<\/div>\n<\/div><\/div><\/div><\/div><div id=\"pg-1225-1\"  class=\"panel-grid panel-no-style\" ><div id=\"pgc-1225-1-0\"  class=\"panel-grid-cell\" ><div id=\"panel-1225-1-0-0\" class=\"so-panel widget widget_sow-editor panel-first-child panel-last-child\" data-index=\"1\" ><div\n\t\t\t\n\t\t\tclass=\"so-widget-sow-editor so-widget-sow-editor-base\"\n\t\t\t\n\t\t>\n<div class=\"siteorigin-widget-tinymce textwidget\">\n\t<\/div>\n<\/div><\/div><\/div><\/div><div id=\"pg-1225-2\"  class=\"panel-grid panel-no-style\" ><div id=\"pgc-1225-2-0\"  class=\"panel-grid-cell\" ><div id=\"panel-1225-2-0-0\" class=\"so-panel widget widget_sow-editor panel-first-child panel-last-child\" data-index=\"2\" ><div\n\t\t\t\n\t\t\tclass=\"so-widget-sow-editor so-widget-sow-editor-base\"\n\t\t\t\n\t\t>\n<div class=\"siteorigin-widget-tinymce textwidget\">\n\t<\/div>\n<\/div><\/div><\/div><\/div><\/div>","protected":false},"excerpt":{"rendered":"<p>Organiz\u00e1cia ESCCAP Slovensko a \u010cesko Noc vedy 2024 &#8211; boli sme pri tom Vzdel\u00e1vacie okienko Konferencia Slovenskej ichtyologickej spolo\u010dnosti Ter\u00e9nna exped\u00edcia v N\u00f3rsku Toxoplazm\u00f3za a ma\u010dky \u2013 naozaj nebezpe\u010dn\u00e1 dvojka? Lei\u0161mani\u00f3za psov m\u00f4\u017ee by\u0165 nechcen\u00fdm suven\u00edrom z dovolenky Hyperparazitick\u00e9 osi\u010dky,<\/p>\n","protected":false},"author":1,"featured_media":0,"parent":0,"menu_order":0,"comment_status":"closed","ping_status":"closed","template":"","meta":{"footnotes":""},"class_list":["post-1225","page","type-page","status-publish","hentry"],"_links":{"self":[{"href":"https:\/\/conpro.saske.sk\/sps\/wp-json\/wp\/v2\/pages\/1225","targetHints":{"allow":["GET"]}}],"collection":[{"href":"https:\/\/conpro.saske.sk\/sps\/wp-json\/wp\/v2\/pages"}],"about":[{"href":"https:\/\/conpro.saske.sk\/sps\/wp-json\/wp\/v2\/types\/page"}],"author":[{"embeddable":true,"href":"https:\/\/conpro.saske.sk\/sps\/wp-json\/wp\/v2\/users\/1"}],"replies":[{"embeddable":true,"href":"https:\/\/conpro.saske.sk\/sps\/wp-json\/wp\/v2\/comments?post=1225"}],"version-history":[{"count":7,"href":"https:\/\/conpro.saske.sk\/sps\/wp-json\/wp\/v2\/pages\/1225\/revisions"}],"predecessor-version":[{"id":1232,"href":"https:\/\/conpro.saske.sk\/sps\/wp-json\/wp\/v2\/pages\/1225\/revisions\/1232"}],"wp:attachment":[{"href":"https:\/\/conpro.saske.sk\/sps\/wp-json\/wp\/v2\/media?parent=1225"}],"curies":[{"name":"wp","href":"https:\/\/api.w.org\/{rel}","templated":true}]}}