{"id":160,"date":"2021-06-01T16:30:04","date_gmt":"2021-06-01T14:30:04","guid":{"rendered":"http:\/\/conpro.saske.sk\/sps\/?page_id=160"},"modified":"2024-05-30T15:56:27","modified_gmt":"2024-05-30T13:56:27","slug":"vybor","status":"publish","type":"page","link":"https:\/\/conpro.saske.sk\/sps\/vybor\/","title":{"rendered":""},"content":{"rendered":"<div id=\"pl-160\"  class=\"panel-layout\" ><div id=\"pg-160-0\"  class=\"panel-grid panel-no-style\" ><div id=\"pgc-160-0-0\"  class=\"panel-grid-cell\" ><div id=\"panel-160-0-0-0\" class=\"so-panel widget widget_sow-editor panel-first-child panel-last-child\" data-index=\"0\" ><div\n\t\t\t\n\t\t\tclass=\"so-widget-sow-editor so-widget-sow-editor-base\"\n\t\t\t\n\t\t>\n<div class=\"siteorigin-widget-tinymce textwidget\">\n\t<h1>V\u00fdbor Slovenskej parazitologickej spolo\u010dnosti pri SAV<\/h1>\n<div class=\"clenovia1\">\n<table>\n<tbody>\n<tr>\n<td class=\"vybor\">Predseda<\/td>\n<\/tr>\n<tr>\n<td class=\"riadok\">RNDr. Mikul\u00e1\u0161 Oros, DrSc.<strong>&nbsp;<\/strong><\/td>\n<\/tr>\n<tr>\n<td class=\"vybor\">Podpredseda<\/td>\n<\/tr>\n<tr>\n<td class=\"riadok\">MVDr. Daniela Antolov\u00e1, DrSc.<strong>&nbsp;<\/strong><\/td>\n<\/tr>\n<tr>\n<td class=\"vybor\">Hospod\u00e1r<\/td>\n<\/tr>\n<tr>\n<td class=\"riadok\">doc. MVDr. Zuzana Hurn\u00edkov\u00e1, PhD.<strong>&nbsp;<\/strong><\/td>\n<\/tr>\n<tr>\n<td class=\"vybor\">Rev\u00edzna komisia<\/td>\n<\/tr>\n<tr>\n<td class=\"riadok\"><strong>Predseda:<\/strong> prof. MVDr. Alica Ko\u010di\u0161ov\u00e1, PhD.<\/td>\n<\/tr>\n<tr>\n<td class=\"riadok\">MVDr. Zuzana Vasilkov\u00e1<\/td>\n<\/tr>\n<tr>\n<td class=\"vybor\">Komisia hodnotiaca pr\u00e1ce zaslan\u00e9 do s\u00fa\u0165a\u017ee o Cenu SPS pre mlad\u00e9ho vedeck\u00e9ho pracovn\u00edka<\/td>\n<\/tr>\n<tr>\n<td class=\"riadok\"><strong>Predseda:<\/strong> RNDr. Vojtech Boldi\u0161, PhD.<\/td>\n<\/tr>\n<tr>\n<td class=\"riadok\">MVDr. Daniel Bar\u010d\u00e1k, PhD.<\/td>\n<\/tr>\n<tr>\n<td class=\"riadok\">prof. MVDr. Alica Ko\u010di\u0161ov\u00e1, PhD.<\/td>\n<\/tr>\n<tr>\n<td class=\"vybor\">Spr\u00e1vca web str\u00e1nky, Facebookov\u00e9ho profilu a redaktor Spr\u00e1v SPS<\/td>\n<\/tr>\n<tr>\n<td class=\"riadok\"> MVDr. Zuzana Vasilkov\u00e1<\/td>\n<\/tr>\n<\/tbody>\n<\/table>\n<\/div>\n<\/div>\n<\/div><\/div><\/div><\/div><div id=\"pg-160-1\"  class=\"panel-grid panel-no-style\" ><div id=\"pgc-160-1-0\"  class=\"panel-grid-cell\" ><div id=\"panel-160-1-0-0\" class=\"so-panel widget widget_sow-editor panel-first-child panel-last-child\" data-index=\"1\" ><div\n\t\t\t\n\t\t\tclass=\"so-widget-sow-editor so-widget-sow-editor-base\"\n\t\t\t\n\t\t>\n<div class=\"siteorigin-widget-tinymce textwidget\">\n\t<\/div>\n<\/div><\/div><\/div><\/div><\/div>","protected":false},"excerpt":{"rendered":"<p>V\u00fdbor Slovenskej parazitologickej spolo\u010dnosti pri SAV Predseda RNDr. Mikul\u00e1\u0161 Oros, DrSc.&nbsp; Podpredseda MVDr. Daniela Antolov\u00e1, DrSc.&nbsp; Hospod\u00e1r doc. MVDr. Zuzana Hurn\u00edkov\u00e1, PhD.&nbsp; Rev\u00edzna komisia Predseda: prof. MVDr. Alica Ko\u010di\u0161ov\u00e1, PhD. MVDr. Zuzana Vasilkov\u00e1 Komisia hodnotiaca pr\u00e1ce zaslan\u00e9 do s\u00fa\u0165a\u017ee o<\/p>\n","protected":false},"author":1,"featured_media":0,"parent":0,"menu_order":0,"comment_status":"closed","ping_status":"closed","template":"","meta":{"footnotes":""},"class_list":["post-160","page","type-page","status-publish","hentry"],"_links":{"self":[{"href":"https:\/\/conpro.saske.sk\/sps\/wp-json\/wp\/v2\/pages\/160","targetHints":{"allow":["GET"]}}],"collection":[{"href":"https:\/\/conpro.saske.sk\/sps\/wp-json\/wp\/v2\/pages"}],"about":[{"href":"https:\/\/conpro.saske.sk\/sps\/wp-json\/wp\/v2\/types\/page"}],"author":[{"embeddable":true,"href":"https:\/\/conpro.saske.sk\/sps\/wp-json\/wp\/v2\/users\/1"}],"replies":[{"embeddable":true,"href":"https:\/\/conpro.saske.sk\/sps\/wp-json\/wp\/v2\/comments?post=160"}],"version-history":[{"count":62,"href":"https:\/\/conpro.saske.sk\/sps\/wp-json\/wp\/v2\/pages\/160\/revisions"}],"predecessor-version":[{"id":523,"href":"https:\/\/conpro.saske.sk\/sps\/wp-json\/wp\/v2\/pages\/160\/revisions\/523"}],"wp:attachment":[{"href":"https:\/\/conpro.saske.sk\/sps\/wp-json\/wp\/v2\/media?parent=160"}],"curies":[{"name":"wp","href":"https:\/\/api.w.org\/{rel}","templated":true}]}}