{"id":525,"date":"2024-05-30T16:52:06","date_gmt":"2024-05-30T14:52:06","guid":{"rendered":"https:\/\/conpro.saske.sk\/sps\/?page_id=525"},"modified":"2026-01-16T16:14:27","modified_gmt":"2026-01-16T15:14:27","slug":"zapisnice","status":"publish","type":"page","link":"https:\/\/conpro.saske.sk\/sps\/zapisnice\/","title":{"rendered":""},"content":{"rendered":"<div id=\"pl-525\"  class=\"panel-layout\" ><div id=\"pg-525-0\"  class=\"panel-grid panel-no-style\" ><div id=\"pgc-525-0-0\"  class=\"panel-grid-cell\" ><div id=\"panel-525-0-0-0\" class=\"so-panel widget widget_sow-editor panel-first-child panel-last-child\" data-index=\"0\" ><div\n\t\t\t\n\t\t\tclass=\"so-widget-sow-editor so-widget-sow-editor-base\"\n\t\t\t\n\t\t>\n<div class=\"siteorigin-widget-tinymce textwidget\">\n\t<h1>Z\u00e1pisnice zo zasadnut\u00ed v\u00fdboru SPS pri SAV<\/h1>\n<h5><span style=\"color: #000000;\">2026<\/span><\/h5>\n<ul>\n<li><strong><a class=\"zapis\" href=\"https:\/\/conpro.saske.sk\/sps\/wp-content\/uploads\/sites\/10\/zapisnice\/2026\/Z\u00e1pisnica_16.1.2026.pdf\" target=\"_blank\" rel=\"noopener\">Z\u00e1pisnica zo zasadnutia v\u00fdboru SPS pri SAV, 16.1.2026<\/a><\/strong><\/li>\n<\/ul>\n<h5><span style=\"color: #000000;\">2025<\/span><\/h5>\n<ul>\n<li><strong><a class=\"zapis\" href=\"https:\/\/conpro.saske.sk\/sps\/wp-content\/uploads\/sites\/10\/zapisnice\/2025\/Z\u00e1pisnica_24.9.2025.pdf\" target=\"_blank\" rel=\"noopener\">Z\u00e1pisnica zo zasadnutia v\u00fdboru SPS pri SAV, 24.9.2025<\/a><\/strong><\/li>\n<\/ul>\n<h5><span style=\"color: #000000;\">2024<\/span><\/h5>\n<ul>\n<li><strong><a class=\"zapis\" href=\"https:\/\/conpro.saske.sk\/sps\/wp-content\/uploads\/sites\/10\/zapisnice\/2024\/Z\u00e1pisnica_25.11.2024.pdf\" target=\"_blank\" rel=\"noopener\">Z\u00e1pisnica zo zasadnutia v\u00fdboru SPS pri SAV, 25.11.2024<\/a><\/strong><\/li>\n<\/ul>\n<ul>\n<li><strong><a class=\"zapis\" href=\"https:\/\/conpro.saske.sk\/sps\/wp-content\/uploads\/sites\/10\/zapisnice\/2024\/Z\u00e1pisnica_30.5.2024.pdf\" target=\"_blank\" rel=\"noopener\">Z\u00e1pisnica z ustanovuj\u00faceho zasadnutia v\u00fdboru SPS pri SAV, 30.5.2024<\/a><\/strong><\/li>\n<\/ul>\n<ul>\n<li style=\"list-style-type: none;\">&nbsp;<\/li>\n<\/ul>\n<p>&nbsp;<\/p>\n<p>&nbsp;<\/p>\n<\/div>\n<\/div><\/div><\/div><\/div><div id=\"pg-525-1\"  class=\"panel-grid panel-no-style\" ><div id=\"pgc-525-1-0\"  class=\"panel-grid-cell\" ><div id=\"panel-525-1-0-0\" class=\"so-panel widget widget_sow-editor panel-first-child panel-last-child\" data-index=\"1\" ><div\n\t\t\t\n\t\t\tclass=\"so-widget-sow-editor so-widget-sow-editor-base\"\n\t\t\t\n\t\t>\n<div class=\"siteorigin-widget-tinymce textwidget\">\n\t<\/div>\n<\/div><\/div><\/div><\/div><\/div>","protected":false},"excerpt":{"rendered":"<p>Z\u00e1pisnice zo zasadnut\u00ed v\u00fdboru SPS pri SAV 2026 Z\u00e1pisnica zo zasadnutia v\u00fdboru SPS pri SAV, 16.1.2026 2025 Z\u00e1pisnica zo zasadnutia v\u00fdboru SPS pri SAV, 24.9.2025 2024 Z\u00e1pisnica zo zasadnutia v\u00fdboru SPS pri SAV, 25.11.2024 Z\u00e1pisnica z ustanovuj\u00faceho zasadnutia v\u00fdboru SPS<\/p>\n","protected":false},"author":1,"featured_media":0,"parent":0,"menu_order":0,"comment_status":"closed","ping_status":"closed","template":"","meta":{"footnotes":""},"class_list":["post-525","page","type-page","status-publish","hentry"],"_links":{"self":[{"href":"https:\/\/conpro.saske.sk\/sps\/wp-json\/wp\/v2\/pages\/525","targetHints":{"allow":["GET"]}}],"collection":[{"href":"https:\/\/conpro.saske.sk\/sps\/wp-json\/wp\/v2\/pages"}],"about":[{"href":"https:\/\/conpro.saske.sk\/sps\/wp-json\/wp\/v2\/types\/page"}],"author":[{"embeddable":true,"href":"https:\/\/conpro.saske.sk\/sps\/wp-json\/wp\/v2\/users\/1"}],"replies":[{"embeddable":true,"href":"https:\/\/conpro.saske.sk\/sps\/wp-json\/wp\/v2\/comments?post=525"}],"version-history":[{"count":41,"href":"https:\/\/conpro.saske.sk\/sps\/wp-json\/wp\/v2\/pages\/525\/revisions"}],"predecessor-version":[{"id":1310,"href":"https:\/\/conpro.saske.sk\/sps\/wp-json\/wp\/v2\/pages\/525\/revisions\/1310"}],"wp:attachment":[{"href":"https:\/\/conpro.saske.sk\/sps\/wp-json\/wp\/v2\/media?parent=525"}],"curies":[{"name":"wp","href":"https:\/\/api.w.org\/{rel}","templated":true}]}}