{"id":618,"date":"2024-06-04T14:36:35","date_gmt":"2024-06-04T12:36:35","guid":{"rendered":"https:\/\/conpro.saske.sk\/sps\/?page_id=618"},"modified":"2024-06-05T14:15:17","modified_gmt":"2024-06-05T12:15:17","slug":"aktivity-vyboru","status":"publish","type":"page","link":"https:\/\/conpro.saske.sk\/sps\/aktivity-vyboru\/","title":{"rendered":""},"content":{"rendered":"<div id=\"pl-618\"  class=\"panel-layout\" ><div id=\"pg-618-0\"  class=\"panel-grid panel-no-style\" ><div id=\"pgc-618-0-0\"  class=\"panel-grid-cell panel-grid-cell-mobile-last\" ><div id=\"panel-618-0-0-0\" class=\"so-panel widget widget_sow-editor panel-first-child panel-last-child\" data-index=\"0\" ><div\n\t\t\t\n\t\t\tclass=\"so-widget-sow-editor so-widget-sow-editor-base\"\n\t\t\t\n\t\t><h3 class=\"widget-title\">Aktivity v\u00fdboru SPS pri SAV<\/h3>\n<div class=\"siteorigin-widget-tinymce textwidget\">\n\t<\/div>\n<\/div><\/div><\/div><div id=\"pgc-618-0-1\"  class=\"panel-grid-cell panel-grid-cell-empty\" ><\/div><\/div><div id=\"pg-618-1\"  class=\"panel-grid panel-no-style\" ><div id=\"pgc-618-1-0\"  class=\"panel-grid-cell\" ><div id=\"panel-618-1-0-0\" class=\"so-panel widget widget_sow-post-carousel panel-first-child panel-last-child\" data-index=\"1\" ><div\n\t\t\t\n\t\t\tclass=\"so-widget-sow-post-carousel so-widget-sow-post-carousel-base-b7e54ac0a70d-618\"\n\t\t\t\n\t\t>\t<div\n\t\tclass=\"sow-post-carousel-wrapper sow-post-carousel-theme-base\"\n\t\tstyle=\"overflow: hidden; max-width: 100%; min-height: 182px\"\n\t>\n\t\t<div class=\"sow-carousel-title\">\n\t\t\t<div class=\"sow-carousel-navigation \">\n\t\t\t\t\t\t<a href=\"#\" class=\"sow-carousel-next\" title=\"Next\" aria-label=\"Next Posts\" role=\"button\"><\/a>\n\t\t\t\t\t\t<a href=\"#\" class=\"sow-carousel-previous\" title=\"Previous\" aria-label=\"Previous Posts\" role=\"button\"><\/a>\n\t\t\t\t\t<\/div>\n\t<\/div>\n\n<div class=\"sow-carousel-container \">\n\t\t<div class=\"sow-carousel-wrapper\"\n\t\tdata-dir=\"ltr\"\n\t\tstyle=\"opacity: 0;\"\n\t\tdata-widget=\"post\" data-fetching=\"false\" data-page=\"1\" data-ajax-url=\"https:\/\/conpro.saske.sk\/sps\/wp-admin\/admin-ajax.php?_widgets_nonce=0c07d341f9\" data-item_count=\"3\" data-carousel_settings=\"{&quot;loop&quot;:true,&quot;animation&quot;:&quot;ease&quot;,&quot;animation_speed&quot;:400,&quot;autoplay&quot;:&quot;&quot;,&quot;pauseOnHover&quot;:&quot;&quot;,&quot;autoplaySpeed&quot;:8000,&quot;item_overflow&quot;:true,&quot;autoplay_continuous_scroll&quot;:false}\" data-responsive=\"{&quot;desktop_slides_to_scroll&quot;:1,&quot;tablet_landscape_breakpoint&quot;:1366,&quot;tablet_landscape_slides_to_scroll&quot;:2,&quot;tablet_portrait_breakpoint&quot;:1025,&quot;tablet_portrait_slides_to_scroll&quot;:2,&quot;mobile_breakpoint&quot;:480,&quot;mobile_slides_to_scroll&quot;:1}\" data-variable_width=\"true\" \t>\n\t\t<div\n\t\t\tclass=\"sow-carousel-items\"\n\t\t\t\t\t>\n\t\t\t\t<div class=\"sow-carousel-item\" tabindex=\"-1\" style=\"float: left;\">\n\t\t<div class=\"sow-carousel-thumbnail\">\n\t\t\t\t\t\t\t<a\n\t\t\t\t\thref=\"https:\/\/conpro.saske.sk\/sps\/sprava-rev-komisie-volby\/\"\n\t\t\t\t\t\t\t\t\t\tstyle=\"background-image: url( https:\/\/conpro.saske.sk\/sps\/wp-content\/uploads\/sites\/10\/2019\/08\/SPS-novy-font-272x182.png )\"\n\t\t\t\t\taria-labelledby=\"sow-carousel-id-705\"\n\t\t\t\t\ttabindex=\"-1\"\n\t\t\t\t>\n\t\t\t\t\t<span class=\"overlay\"><\/span>\n\t\t\t\t<\/a>\n\t\t\t\t\t<\/div>\n\t\t<h3 class=\"sow-carousel-item-title\">\n\t\t\t<a\n\t\t\t\thref=\"https:\/\/conpro.saske.sk\/sps\/sprava-rev-komisie-volby\/\"\n\t\t\t\tid=\"sow-carousel-id-705\"\n\t\t\t\t\t\t\t\ttabindex=\"-1\"\n\t\t\t>\n\n\t\t\t\tSpr\u00e1va rev\u00edznej komisie o v\u00fdsledkoch kore\u0161ponden\u010dn\u00fdch volieb 2024.\t\t\t<\/a>\n\t\t<\/h3>\n\t<\/div>\n\t\t<div class=\"sow-carousel-item\" tabindex=\"-1\" style=\"float: left;\">\n\t\t<div class=\"sow-carousel-thumbnail\">\n\t\t\t\t\t\t\t<a\n\t\t\t\t\thref=\"https:\/\/conpro.saske.sk\/sps\/sprava-rev-komisie19-24\/\"\n\t\t\t\t\t\t\t\t\t\tstyle=\"background-image: url( https:\/\/conpro.saske.sk\/sps\/wp-content\/uploads\/sites\/10\/2019\/08\/SPS-novy-font-272x182.png )\"\n\t\t\t\t\taria-labelledby=\"sow-carousel-id-714\"\n\t\t\t\t\ttabindex=\"-1\"\n\t\t\t\t>\n\t\t\t\t\t<span class=\"overlay\"><\/span>\n\t\t\t\t<\/a>\n\t\t\t\t\t<\/div>\n\t\t<h3 class=\"sow-carousel-item-title\">\n\t\t\t<a\n\t\t\t\thref=\"https:\/\/conpro.saske.sk\/sps\/sprava-rev-komisie19-24\/\"\n\t\t\t\tid=\"sow-carousel-id-714\"\n\t\t\t\t\t\t\t\ttabindex=\"-1\"\n\t\t\t>\n\n\t\t\t\tSpr\u00e1va rev\u00edznej komisie SPS pri SAV za funk\u010dn\u00e9 obdobie 27.3.2019 &#8211; 9.5.2024\t\t\t<\/a>\n\t\t<\/h3>\n\t<\/div>\n\t\t<div class=\"sow-carousel-item\" tabindex=\"-1\" style=\"float: left;\">\n\t\t<div class=\"sow-carousel-thumbnail\">\n\t\t\t\t\t\t\t<a\n\t\t\t\t\thref=\"https:\/\/conpro.saske.sk\/sps\/sprava19-24\/\"\n\t\t\t\t\t\t\t\t\t\tstyle=\"background-image: url( https:\/\/conpro.saske.sk\/sps\/wp-content\/uploads\/sites\/10\/2019\/08\/SPS-novy-font-272x182.png )\"\n\t\t\t\t\taria-labelledby=\"sow-carousel-id-576\"\n\t\t\t\t\ttabindex=\"-1\"\n\t\t\t\t>\n\t\t\t\t\t<span class=\"overlay\"><\/span>\n\t\t\t\t<\/a>\n\t\t\t\t\t<\/div>\n\t\t<h3 class=\"sow-carousel-item-title\">\n\t\t\t<a\n\t\t\t\thref=\"https:\/\/conpro.saske.sk\/sps\/sprava19-24\/\"\n\t\t\t\tid=\"sow-carousel-id-576\"\n\t\t\t\t\t\t\t\ttabindex=\"-1\"\n\t\t\t>\n\n\t\t\t\tSpr\u00e1va o \u010dinnosti Slovenskej parazitologickej spolo\u010dnosti  pri SAV po\u010das funk\u010dn\u00e9ho obdobia 2019 \u2013 2024.\t\t\t<\/a>\n\t\t<\/h3>\n\t<\/div>\n\t\t\t<\/div>\n\t\t\t<\/div>\n\n\t<\/div>\n\t\t<input type=\"hidden\" name=\"instance_hash\" value=\"5a7b0f62\"\/>\n\t<\/div>\n<\/div><\/div><\/div><\/div><div id=\"pg-618-2\"  class=\"panel-grid panel-no-style\" ><div id=\"pgc-618-2-0\"  class=\"panel-grid-cell\" ><div id=\"panel-618-2-0-0\" class=\"so-panel widget widget_sow-editor panel-first-child panel-last-child\" data-index=\"2\" ><div\n\t\t\t\n\t\t\tclass=\"so-widget-sow-editor so-widget-sow-editor-base\"\n\t\t\t\n\t\t>\n<div class=\"siteorigin-widget-tinymce textwidget\">\n\t<\/div>\n<\/div><\/div><\/div><\/div><\/div>","protected":false},"excerpt":{"rendered":"<p>Aktivity v\u00fdboru SPS pri SAV Spr\u00e1va rev\u00edznej komisie o v\u00fdsledkoch kore\u0161ponden\u010dn\u00fdch volieb 2024. Spr\u00e1va rev\u00edznej komisie SPS pri SAV za funk\u010dn\u00e9 obdobie 27.3.2019 &#8211; 9.5.2024 Spr\u00e1va o \u010dinnosti Slovenskej parazitologickej spolo\u010dnosti pri SAV po\u010das funk\u010dn\u00e9ho obdobia 2019 \u2013 2024.<\/p>\n","protected":false},"author":1,"featured_media":0,"parent":0,"menu_order":0,"comment_status":"closed","ping_status":"closed","template":"","meta":{"footnotes":""},"class_list":["post-618","page","type-page","status-publish","hentry"],"_links":{"self":[{"href":"https:\/\/conpro.saske.sk\/sps\/wp-json\/wp\/v2\/pages\/618","targetHints":{"allow":["GET"]}}],"collection":[{"href":"https:\/\/conpro.saske.sk\/sps\/wp-json\/wp\/v2\/pages"}],"about":[{"href":"https:\/\/conpro.saske.sk\/sps\/wp-json\/wp\/v2\/types\/page"}],"author":[{"embeddable":true,"href":"https:\/\/conpro.saske.sk\/sps\/wp-json\/wp\/v2\/users\/1"}],"replies":[{"embeddable":true,"href":"https:\/\/conpro.saske.sk\/sps\/wp-json\/wp\/v2\/comments?post=618"}],"version-history":[{"count":3,"href":"https:\/\/conpro.saske.sk\/sps\/wp-json\/wp\/v2\/pages\/618\/revisions"}],"predecessor-version":[{"id":694,"href":"https:\/\/conpro.saske.sk\/sps\/wp-json\/wp\/v2\/pages\/618\/revisions\/694"}],"wp:attachment":[{"href":"https:\/\/conpro.saske.sk\/sps\/wp-json\/wp\/v2\/media?parent=618"}],"curies":[{"name":"wp","href":"https:\/\/api.w.org\/{rel}","templated":true}]}}