{"id":675,"date":"2024-06-05T13:55:14","date_gmt":"2024-06-05T11:55:14","guid":{"rendered":"https:\/\/conpro.saske.sk\/sps\/?page_id=675"},"modified":"2025-03-25T17:11:17","modified_gmt":"2025-03-25T16:11:17","slug":"aktuality","status":"publish","type":"page","link":"https:\/\/conpro.saske.sk\/sps\/aktuality\/","title":{"rendered":"Aktuality"},"content":{"rendered":"<div id=\"pl-675\"  class=\"panel-layout\" ><div id=\"pg-675-0\"  class=\"panel-grid panel-no-style\" ><div id=\"pgc-675-0-0\"  class=\"panel-grid-cell\" ><div id=\"panel-675-0-0-0\" class=\"so-panel widget widget_sow-post-carousel panel-first-child panel-last-child\" data-index=\"0\" ><div\n\t\t\t\n\t\t\tclass=\"so-widget-sow-post-carousel so-widget-sow-post-carousel-base-b7e54ac0a70d-675\"\n\t\t\t\n\t\t>\t<div\n\t\tclass=\"sow-post-carousel-wrapper sow-post-carousel-theme-base\"\n\t\tstyle=\"overflow: hidden; max-width: 100%; min-height: 182px\"\n\t>\n\t\t<div class=\"sow-carousel-title\">\n\t\t\t<div class=\"sow-carousel-navigation \">\n\t\t\t\t\t\t<a href=\"#\" class=\"sow-carousel-next\" title=\"Next\" aria-label=\"Next Posts\" role=\"button\"><\/a>\n\t\t\t\t\t\t<a href=\"#\" class=\"sow-carousel-previous\" title=\"Previous\" aria-label=\"Previous Posts\" role=\"button\"><\/a>\n\t\t\t\t\t<\/div>\n\t<\/div>\n\n<div class=\"sow-carousel-container \">\n\t\t<div class=\"sow-carousel-wrapper\"\n\t\tdata-dir=\"ltr\"\n\t\tstyle=\"opacity: 0;\"\n\t\tdata-widget=\"post\" data-fetching=\"false\" data-page=\"1\" data-ajax-url=\"https:\/\/conpro.saske.sk\/sps\/wp-admin\/admin-ajax.php?_widgets_nonce=ada21e9260\" data-item_count=\"2\" data-carousel_settings=\"{&quot;loop&quot;:true,&quot;animation&quot;:&quot;ease&quot;,&quot;animation_speed&quot;:400,&quot;autoplay&quot;:&quot;off&quot;,&quot;pauseOnHover&quot;:&quot;&quot;,&quot;autoplaySpeed&quot;:8000,&quot;item_overflow&quot;:true,&quot;autoplay_continuous_scroll&quot;:false}\" data-responsive=\"{&quot;desktop_slides_to_scroll&quot;:1,&quot;tablet_landscape_breakpoint&quot;:1366,&quot;tablet_landscape_slides_to_scroll&quot;:2,&quot;tablet_portrait_breakpoint&quot;:1025,&quot;tablet_portrait_slides_to_scroll&quot;:2,&quot;mobile_breakpoint&quot;:480,&quot;mobile_slides_to_scroll&quot;:1}\" data-variable_width=\"true\" \t>\n\t\t<div\n\t\t\tclass=\"sow-carousel-items\"\n\t\t\t\t\t>\n\t\t\t\t<div class=\"sow-carousel-item\" tabindex=\"-1\" style=\"float: left;\">\n\t\t<div class=\"sow-carousel-thumbnail\">\n\t\t\t\t\t\t\t<a\n\t\t\t\t\thref=\"https:\/\/conpro.saske.sk\/sps\/ceny-sps-pri-sav-pre-mladych-za-2023-24\/\"\n\t\t\t\t\t\t\t\t\t\tstyle=\"background-image: url( https:\/\/conpro.saske.sk\/sps\/wp-content\/uploads\/sites\/10\/2025\/03\/stupne-272x182.jpg )\"\n\t\t\t\t\taria-labelledby=\"sow-carousel-id-1267\"\n\t\t\t\t\ttabindex=\"-1\"\n\t\t\t\t>\n\t\t\t\t\t<span class=\"overlay\"><\/span>\n\t\t\t\t<\/a>\n\t\t\t\t\t<\/div>\n\t\t<h3 class=\"sow-carousel-item-title\">\n\t\t\t<a\n\t\t\t\thref=\"https:\/\/conpro.saske.sk\/sps\/ceny-sps-pri-sav-pre-mladych-za-2023-24\/\"\n\t\t\t\tid=\"sow-carousel-id-1267\"\n\t\t\t\t\t\t\t\ttabindex=\"-1\"\n\t\t\t>\n\n\t\t\t\tCeny SPS pri SAV za najlep\u0161ie vedeck\u00e9 pr\u00e1ce mlad\u00fdch parazitol\u00f3gov za roky 2023 \u2013 2024\t\t\t<\/a>\n\t\t<\/h3>\n\t<\/div>\n\t\t<div class=\"sow-carousel-item\" tabindex=\"-1\" style=\"float: left;\">\n\t\t<div class=\"sow-carousel-thumbnail\">\n\t\t\t\t\t\t\t<a\n\t\t\t\t\thref=\"https:\/\/conpro.saske.sk\/sps\/7-ld\/\"\n\t\t\t\t\t\t\t\t\t\tstyle=\"background-image: url( https:\/\/conpro.saske.sk\/sps\/wp-content\/uploads\/sites\/10\/2025\/01\/Logo-LD-272x182.png )\"\n\t\t\t\t\taria-labelledby=\"sow-carousel-id-1206\"\n\t\t\t\t\ttabindex=\"-1\"\n\t\t\t\t>\n\t\t\t\t\t<span class=\"overlay\"><\/span>\n\t\t\t\t<\/a>\n\t\t\t\t\t<\/div>\n\t\t<h3 class=\"sow-carousel-item-title\">\n\t\t\t<a\n\t\t\t\thref=\"https:\/\/conpro.saske.sk\/sps\/7-ld\/\"\n\t\t\t\tid=\"sow-carousel-id-1206\"\n\t\t\t\t\t\t\t\ttabindex=\"-1\"\n\t\t\t>\n\n\t\t\t\tVII. Labudove dni\t\t\t<\/a>\n\t\t<\/h3>\n\t<\/div>\n\t\t\t<\/div>\n\t\t\t<\/div>\n\n\t<\/div>\n\t\t<input type=\"hidden\" name=\"instance_hash\" value=\"ef332cc3\"\/>\n\t<\/div>\n<\/div><\/div><\/div><\/div><div id=\"pg-675-1\"  class=\"panel-grid panel-no-style\" ><div id=\"pgc-675-1-0\"  class=\"panel-grid-cell\" ><div id=\"panel-675-1-0-0\" class=\"so-panel widget widget_sow-editor panel-first-child panel-last-child\" data-index=\"1\" ><div\n\t\t\t\n\t\t\tclass=\"so-widget-sow-editor so-widget-sow-editor-base\"\n\t\t\t\n\t\t>\n<div class=\"siteorigin-widget-tinymce textwidget\">\n\t<\/div>\n<\/div><\/div><\/div><\/div><div id=\"pg-675-2\"  class=\"panel-grid panel-no-style\" ><div id=\"pgc-675-2-0\"  class=\"panel-grid-cell\" ><div id=\"panel-675-2-0-0\" class=\"so-panel widget widget_sow-editor panel-first-child panel-last-child\" data-index=\"2\" ><div\n\t\t\t\n\t\t\tclass=\"so-widget-sow-editor so-widget-sow-editor-base\"\n\t\t\t\n\t\t>\n<div class=\"siteorigin-widget-tinymce textwidget\">\n\t<\/div>\n<\/div><\/div><\/div><\/div><\/div>","protected":false},"excerpt":{"rendered":"<p>Ceny SPS pri SAV za najlep\u0161ie vedeck\u00e9 pr\u00e1ce mlad\u00fdch parazitol\u00f3gov za roky 2023 \u2013 2024 VII. Labudove dni<\/p>\n","protected":false},"author":1,"featured_media":0,"parent":0,"menu_order":0,"comment_status":"closed","ping_status":"closed","template":"","meta":{"footnotes":""},"class_list":["post-675","page","type-page","status-publish","hentry"],"_links":{"self":[{"href":"https:\/\/conpro.saske.sk\/sps\/wp-json\/wp\/v2\/pages\/675","targetHints":{"allow":["GET"]}}],"collection":[{"href":"https:\/\/conpro.saske.sk\/sps\/wp-json\/wp\/v2\/pages"}],"about":[{"href":"https:\/\/conpro.saske.sk\/sps\/wp-json\/wp\/v2\/types\/page"}],"author":[{"embeddable":true,"href":"https:\/\/conpro.saske.sk\/sps\/wp-json\/wp\/v2\/users\/1"}],"replies":[{"embeddable":true,"href":"https:\/\/conpro.saske.sk\/sps\/wp-json\/wp\/v2\/comments?post=675"}],"version-history":[{"count":11,"href":"https:\/\/conpro.saske.sk\/sps\/wp-json\/wp\/v2\/pages\/675\/revisions"}],"predecessor-version":[{"id":1244,"href":"https:\/\/conpro.saske.sk\/sps\/wp-json\/wp\/v2\/pages\/675\/revisions\/1244"}],"wp:attachment":[{"href":"https:\/\/conpro.saske.sk\/sps\/wp-json\/wp\/v2\/media?parent=675"}],"curies":[{"name":"wp","href":"https:\/\/api.w.org\/{rel}","templated":true}]}}