{"id":81,"date":"2019-08-13T15:21:16","date_gmt":"2019-08-13T13:21:16","guid":{"rendered":"http:\/\/conpro.saske.sk\/sps\/?page_id=81"},"modified":"2026-03-05T10:23:56","modified_gmt":"2026-03-05T09:23:56","slug":"ucet","status":"publish","type":"page","link":"https:\/\/conpro.saske.sk\/sps\/ucet\/","title":{"rendered":""},"content":{"rendered":"<div id=\"pl-81\"  class=\"panel-layout\" ><div id=\"pg-81-0\"  class=\"panel-grid panel-no-style\" ><div id=\"pgc-81-0-0\"  class=\"panel-grid-cell\" ><div id=\"panel-81-0-0-0\" class=\"so-panel widget widget_sow-editor panel-first-child panel-last-child\" data-index=\"0\" ><div\n\t\t\t\n\t\t\tclass=\"so-widget-sow-editor so-widget-sow-editor-base\"\n\t\t\t\n\t\t><h3 class=\"widget-title\">\u010c\u00edslo \u00fa\u010dtu<\/h3>\n<div class=\"siteorigin-widget-tinymce textwidget\">\n\t<p>V\u00fd\u0161ka ro\u010dn\u00e9ho \u010dlensk\u00e9ho pr\u00edspevku je <strong><span style=\"color: #ae496b;\">10,- EUR<\/span><\/strong>.<br \/>\n\u010cestn\u00ed \u010dlenovia Spolo\u010dnosti pr\u00edspevok neplatia.<br \/>\nPre d\u00f4chodcov, mami\u010dky (pr\u00edpadne oteckov) na rodi\u010dovskej dovolenke a \u010dlenov, ktor\u00ed s\u00fa dlhodobo v zahrani\u010d\u00ed je v\u00fd\u0161ka \u010dlensk\u00e9ho pr\u00edspevku <strong><span style=\"color: #ae496b;\">3,30 EUR<\/span><\/strong>.<\/p>\n<p>Pr\u00edslu\u0161n\u00fa sumu, pros\u00edme, uhradi\u0165 na \u00fa\u010det SPS vo Fio banke:<br \/>\n\u010d\u00edslo \u00fa\u010dtu: 2403082468\/8330<br \/>\nIBAN: SK21 8330 0000 0024 0308 2468<br \/>\nSWFT\/BIC: FIOZSKBAXXX<br \/>\nvariabiln\u00fd symbol: <strong><span style=\"color: #ae496b;\">2026<\/span><\/strong><br \/>\nadres\u00e1t: Slovensk\u00e1 parazitologick\u00e1 spolo\u010dnos\u0165 pri SAV<br \/>\nHlinkova 3<br \/>\n040 01 Ko\u0161ice<\/p>\n<p>Do spr\u00e1vy pre prij\u00edmate\u013ea, pros\u00edme, nezabudnite uvies\u0165 <strong><span style=\"color: #ae496b;\">Va\u0161e meno<\/span><\/strong>!<\/p>\n<\/div>\n<\/div><\/div><\/div><\/div><div id=\"pg-81-1\"  class=\"panel-grid panel-no-style\" ><div id=\"pgc-81-1-0\"  class=\"panel-grid-cell\" ><div id=\"panel-81-1-0-0\" class=\"so-panel widget widget_sow-editor panel-first-child panel-last-child\" data-index=\"1\" ><div\n\t\t\t\n\t\t\tclass=\"so-widget-sow-editor so-widget-sow-editor-base\"\n\t\t\t\n\t\t>\n<div class=\"siteorigin-widget-tinymce textwidget\">\n\t<h4>Prihl\u00e1\u0161ka za \u010dlena Slovenskej parazitologickej spolo\u010dnosti pri SAV<\/h4>\n<p><!--\n\n\n<p style=\"position: relative; top: -10px;\">(kliknite na obr\u00e1zok prav\u00fdm tla\u010didlom my\u0161i a vyberte mo\u017enos\u0165 <b>Ulo\u017ei\u0165 odkaz ako...<\/b>, <b>Ulo\u017ei\u0165 cie\u013e odkazu ako...<\/b>, resp. <b>Ulo\u017ei\u0165 prepojenie ako...<\/b>)<\/p>\n\n\n --><\/p>\n<p style=\"position: relative; top: -10px;\"><a title=\"Prihl\u00e1\u0161ka\" href=\"https:\/\/conpro.saske.sk\/sps\/wp-content\/uploads\/sites\/10\/Prihlaska.doc\" target=\"_blank\" rel=\"noopener\" download=\"Prihlaska.doc\"><img decoding=\"async\" class=\"alignnone\" src=\"https:\/\/conpro.saske.sk\/sps\/wp-content\/uploads\/sites\/10\/2021\/06\/iconword-1.jpg\" alt=\"\" width=\"64\" height=\"64\"\/><\/a><\/p>\n<p style=\"position: relative; left: 70px; top: -80px;\">alebo stiahnite <strong><a title=\"Prihl\u00e1\u0161ka\" href=\"https:\/\/conpro.saske.sk\/sps\/wp-content\/uploads\/sites\/10\/Prihlaska.doc\" target=\"_blank\" rel=\"noopener\">TU<\/a><\/strong>&nbsp;<\/p>\n<p>&nbsp;<\/p>\n<h4>Aktualiz\u00e1cia osobn\u00fdch \u00fadajov \u010dlena Slovenskej parazitologickej spolo\u010dnosti pri SAV<\/h4>\n<p><a title=\"Aktualiz\u00e1cia\" href=\"https:\/\/conpro.saske.sk\/sps\/wp-content\/uploads\/sites\/10\/Aktualizacia.doc\" target=\"_blank\" rel=\"noopener\" download=\"Aktualizacia.doc\"><img decoding=\"async\" class=\"alignnone\" style=\"margin-top: 10px;\" src=\"https:\/\/conpro.saske.sk\/sps\/wp-content\/uploads\/sites\/10\/2021\/06\/iconword-1.jpg\" alt=\"\" width=\"64\" height=\"64\"\/><\/a><\/p>\n<p style=\"position: relative; left: 70px; top: -80px;\">alebo stiahnite <strong><a title=\"Aktualiz\u00e1cia\" href=\"https:\/\/conpro.saske.sk\/sps\/wp-content\/uploads\/sites\/10\/Aktualizacia.doc\" target=\"_blank\" rel=\"noopener\">TU<\/a><\/strong><\/p>\n<\/div>\n<\/div><\/div><\/div><\/div><\/div>","protected":false},"excerpt":{"rendered":"<p>V\u00fd\u0161ka ro\u010dn\u00e9ho \u010dlensk\u00e9ho pr\u00edspevku je 10,- EUR. \u010cestn\u00ed \u010dlenovia Spolo\u010dnosti pr\u00edspevok neplatia. Pre d\u00f4chodcov, mami\u010dky (pr\u00edpadne oteckov) na rodi\u010dovskej dovolenke a \u010dlenov, ktor\u00ed s\u00fa dlhodobo v zahrani\u010d\u00ed je v\u00fd\u0161ka \u010dlensk\u00e9ho pr\u00edspevku 3,30 EUR. Pr\u00edslu\u0161n\u00fa sumu, pros\u00edme, uhradi\u0165 na \u00fa\u010det SPS<\/p>\n","protected":false},"author":1,"featured_media":0,"parent":0,"menu_order":0,"comment_status":"closed","ping_status":"closed","template":"","meta":{"footnotes":""},"class_list":["post-81","page","type-page","status-publish","hentry"],"_links":{"self":[{"href":"https:\/\/conpro.saske.sk\/sps\/wp-json\/wp\/v2\/pages\/81","targetHints":{"allow":["GET"]}}],"collection":[{"href":"https:\/\/conpro.saske.sk\/sps\/wp-json\/wp\/v2\/pages"}],"about":[{"href":"https:\/\/conpro.saske.sk\/sps\/wp-json\/wp\/v2\/types\/page"}],"author":[{"embeddable":true,"href":"https:\/\/conpro.saske.sk\/sps\/wp-json\/wp\/v2\/users\/1"}],"replies":[{"embeddable":true,"href":"https:\/\/conpro.saske.sk\/sps\/wp-json\/wp\/v2\/comments?post=81"}],"version-history":[{"count":67,"href":"https:\/\/conpro.saske.sk\/sps\/wp-json\/wp\/v2\/pages\/81\/revisions"}],"predecessor-version":[{"id":1339,"href":"https:\/\/conpro.saske.sk\/sps\/wp-json\/wp\/v2\/pages\/81\/revisions\/1339"}],"wp:attachment":[{"href":"https:\/\/conpro.saske.sk\/sps\/wp-json\/wp\/v2\/media?parent=81"}],"curies":[{"name":"wp","href":"https:\/\/api.w.org\/{rel}","templated":true}]}}